{"id":59,"date":"2019-08-21T11:12:19","date_gmt":"2019-08-21T09:12:19","guid":{"rendered":"http:\/\/www.bogorinski.de\/?page_id=59"},"modified":"2025-04-22T12:08:10","modified_gmt":"2025-04-22T10:08:10","slug":"herzlich-willkommen-bei-optik-bogorinski","status":"publish","type":"page","link":"https:\/\/www.bogorinski.de\/?page_id=59","title":{"rendered":"\u00dcber uns"},"content":{"rendered":"\t\t<div data-elementor-type=\"wp-post\" data-elementor-id=\"59\" class=\"elementor elementor-59\" data-elementor-post-type=\"page\">\n\t\t\t\t\t\t<section class=\"elementor-section elementor-top-section elementor-element elementor-element-430e834f elementor-section-boxed elementor-section-height-default elementor-section-height-default\" data-id=\"430e834f\" data-element_type=\"section\" data-e-type=\"section\">\n\t\t\t\t\t\t<div class=\"elementor-container elementor-column-gap-default\">\n\t\t\t\t\t<div class=\"elementor-column elementor-col-100 elementor-top-column elementor-element elementor-element-1381e208\" data-id=\"1381e208\" data-element_type=\"column\" data-e-type=\"column\">\n\t\t\t<div class=\"elementor-widget-wrap elementor-element-populated\">\n\t\t\t\t\t\t<div class=\"elementor-element elementor-element-855ee40 elementor-widget elementor-widget-heading\" data-id=\"855ee40\" data-element_type=\"widget\" data-e-type=\"widget\" data-widget_type=\"heading.default\">\n\t\t\t\t<div class=\"elementor-widget-container\">\n\t\t\t\t\t<h1 class=\"elementor-heading-title elementor-size-default\">\u00dcber uns<\/h1>\t\t\t\t<\/div>\n\t\t\t\t<\/div>\n\t\t\t\t<div class=\"elementor-element elementor-element-35e1e36c elementor-widget elementor-widget-text-editor\" data-id=\"35e1e36c\" data-element_type=\"widget\" data-e-type=\"widget\" data-widget_type=\"text-editor.default\">\n\t\t\t\t<div class=\"elementor-widget-container\">\n\t\t\t\t\t\t\t\t\t<p>Optik Bogorinski &#8211; Sehen &amp; H\u00f6ren. Das sind die beiden Gesch\u00e4ftsf\u00fchrer Sven und Nils Bogorinski. <br \/>Sven entschloss sich 1997, nach \u00fcber 25 j\u00e4hriger Mitarbeit bei Augenoptik Sch\u00f6cker, seinen ehemaligen Ausbildungsbetrieb zu \u00fcbernehmen. 2023 hat er sich nach 25 Jahren Inhaberschaft dazu entschieden mit seinem Sohn Nils den n\u00e4chsten Schritt zu gehen. Hierzu wurden gr\u00f6\u00dfere, barrierefreie R\u00e4umlichkeiten gesucht und gefunden. Das Angebot erweiterte sich nun um den komplett neuen Bereich der H\u00f6rger\u00e4te und hierdurch wandelte sich Optik Bogorinski zum Vollversorger f\u00fcr Ihre Augen und Ohren. Das Team wird vervollst\u00e4ndigt durch Svens Frau Claudia und die beiden Augenoptikerinnen Amber Segundo, Rahele Mirzai und die Auszubildende Marlene Tank.<\/p>\t\t\t\t\t\t\t\t<\/div>\n\t\t\t\t<\/div>\n\t\t\t\t\t<\/div>\n\t\t<\/div>\n\t\t\t\t\t<\/div>\n\t\t<\/section>\n\t\t\t\t<section class=\"elementor-section elementor-top-section elementor-element elementor-element-9828f4e elementor-section-boxed elementor-section-height-default elementor-section-height-default\" data-id=\"9828f4e\" data-element_type=\"section\" data-e-type=\"section\">\n\t\t\t\t\t\t<div class=\"elementor-container elementor-column-gap-default\">\n\t\t\t\t\t<div class=\"elementor-column elementor-col-33 elementor-top-column elementor-element elementor-element-8fecd7e\" data-id=\"8fecd7e\" data-element_type=\"column\" data-e-type=\"column\">\n\t\t\t<div class=\"elementor-widget-wrap elementor-element-populated\">\n\t\t\t\t\t\t<div class=\"elementor-element elementor-element-fa408dd elementor-widget elementor-widget-image\" data-id=\"fa408dd\" data-element_type=\"widget\" data-e-type=\"widget\" data-widget_type=\"image.default\">\n\t\t\t\t<div class=\"elementor-widget-container\">\n\t\t\t\t\t\t\t\t\t\t\t\t\t\t\t<img fetchpriority=\"high\" decoding=\"async\" width=\"480\" height=\"640\" src=\"https:\/\/www.bogorinski.de\/wp-content\/uploads\/2023\/04\/sven.jpg\" class=\"attachment-large size-large wp-image-653\" alt=\"\" srcset=\"https:\/\/www.bogorinski.de\/wp-content\/uploads\/2023\/04\/sven.jpg 480w, https:\/\/www.bogorinski.de\/wp-content\/uploads\/2023\/04\/sven-225x300.jpg 225w\" sizes=\"(max-width: 480px) 100vw, 480px\" \/>\t\t\t\t\t\t\t\t\t\t\t\t\t\t\t<\/div>\n\t\t\t\t<\/div>\n\t\t\t\t<div class=\"elementor-element elementor-element-d76b9d5 elementor-widget elementor-widget-text-editor\" data-id=\"d76b9d5\" data-element_type=\"widget\" data-e-type=\"widget\" data-widget_type=\"text-editor.default\">\n\t\t\t\t<div class=\"elementor-widget-container\">\n\t\t\t\t\t\t\t\t\t<p><span style=\"color: #000000;\"><strong>Sven Bogorinski<\/strong><\/span><\/p><p><span style=\"color: #000000;\"><strong>Gesch\u00e4ftsf\u00fchrer<br \/>Augenoptikmeister<br \/><\/strong><\/span><\/p>\t\t\t\t\t\t\t\t<\/div>\n\t\t\t\t<\/div>\n\t\t\t\t\t<\/div>\n\t\t<\/div>\n\t\t\t\t<div class=\"elementor-column elementor-col-33 elementor-top-column elementor-element elementor-element-375029f\" data-id=\"375029f\" data-element_type=\"column\" data-e-type=\"column\">\n\t\t\t<div class=\"elementor-widget-wrap elementor-element-populated\">\n\t\t\t\t\t\t<div class=\"elementor-element elementor-element-431cbeb elementor-widget elementor-widget-image\" data-id=\"431cbeb\" data-element_type=\"widget\" data-e-type=\"widget\" data-widget_type=\"image.default\">\n\t\t\t\t<div class=\"elementor-widget-container\">\n\t\t\t\t\t\t\t\t\t\t\t\t\t\t\t<img decoding=\"async\" width=\"480\" height=\"640\" src=\"https:\/\/www.bogorinski.de\/wp-content\/uploads\/2023\/04\/nils.jpg\" class=\"attachment-large size-large wp-image-629\" alt=\"\" srcset=\"https:\/\/www.bogorinski.de\/wp-content\/uploads\/2023\/04\/nils.jpg 480w, https:\/\/www.bogorinski.de\/wp-content\/uploads\/2023\/04\/nils-225x300.jpg 225w\" sizes=\"(max-width: 480px) 100vw, 480px\" \/>\t\t\t\t\t\t\t\t\t\t\t\t\t\t\t<\/div>\n\t\t\t\t<\/div>\n\t\t\t\t<div class=\"elementor-element elementor-element-268ac14 elementor-widget elementor-widget-text-editor\" data-id=\"268ac14\" data-element_type=\"widget\" data-e-type=\"widget\" data-widget_type=\"text-editor.default\">\n\t\t\t\t<div class=\"elementor-widget-container\">\n\t\t\t\t\t\t\t\t\t<p><span style=\"color: #000000;\"><strong>Nils Bogorinski<\/strong><\/span><\/p><p><span style=\"color: #000000;\"><strong>Gesch\u00e4ftsf\u00fchrer<br \/>Augenoptikmeister &amp; Bachelor Professional<br \/>Optometrist (HWK)<br \/>H\u00f6rakustikmeister &amp; P\u00e4dakustiker<\/strong><\/span><\/p>\t\t\t\t\t\t\t\t<\/div>\n\t\t\t\t<\/div>\n\t\t\t\t\t<\/div>\n\t\t<\/div>\n\t\t\t\t<div class=\"elementor-column elementor-col-33 elementor-top-column elementor-element elementor-element-6477d2c\" data-id=\"6477d2c\" data-element_type=\"column\" data-e-type=\"column\">\n\t\t\t<div class=\"elementor-widget-wrap elementor-element-populated\">\n\t\t\t\t\t\t<div class=\"elementor-element elementor-element-eb02f94 elementor-widget elementor-widget-image\" data-id=\"eb02f94\" data-element_type=\"widget\" data-e-type=\"widget\" data-widget_type=\"image.default\">\n\t\t\t\t<div class=\"elementor-widget-container\">\n\t\t\t\t\t\t\t\t\t\t\t\t\t\t\t<img decoding=\"async\" width=\"480\" height=\"640\" src=\"https:\/\/www.bogorinski.de\/wp-content\/uploads\/2023\/04\/claudia.jpg\" class=\"attachment-large size-large wp-image-650\" alt=\"\" srcset=\"https:\/\/www.bogorinski.de\/wp-content\/uploads\/2023\/04\/claudia.jpg 480w, https:\/\/www.bogorinski.de\/wp-content\/uploads\/2023\/04\/claudia-225x300.jpg 225w\" sizes=\"(max-width: 480px) 100vw, 480px\" \/>\t\t\t\t\t\t\t\t\t\t\t\t\t\t\t<\/div>\n\t\t\t\t<\/div>\n\t\t\t\t<div class=\"elementor-element elementor-element-0f3ad6a elementor-widget elementor-widget-text-editor\" data-id=\"0f3ad6a\" data-element_type=\"widget\" data-e-type=\"widget\" data-widget_type=\"text-editor.default\">\n\t\t\t\t<div class=\"elementor-widget-container\">\n\t\t\t\t\t\t\t\t\t<p><span style=\"color: #000000;\"><strong>Claudia Bogorinski<\/strong><\/span><\/p><p><span style=\"color: #000000;\"><strong>Augenoptikmeisterin<\/strong><\/span><\/p>\t\t\t\t\t\t\t\t<\/div>\n\t\t\t\t<\/div>\n\t\t\t\t\t<\/div>\n\t\t<\/div>\n\t\t\t\t\t<\/div>\n\t\t<\/section>\n\t\t\t\t<section class=\"elementor-section elementor-top-section elementor-element elementor-element-2f3b4ac elementor-section-boxed elementor-section-height-default elementor-section-height-default\" data-id=\"2f3b4ac\" data-element_type=\"section\" data-e-type=\"section\">\n\t\t\t\t\t\t<div class=\"elementor-container elementor-column-gap-default\">\n\t\t\t\t\t<div class=\"elementor-column elementor-col-33 elementor-top-column elementor-element elementor-element-86ca2bf\" data-id=\"86ca2bf\" data-element_type=\"column\" data-e-type=\"column\">\n\t\t\t<div class=\"elementor-widget-wrap elementor-element-populated\">\n\t\t\t\t\t\t<div class=\"elementor-element elementor-element-a4fc371 elementor-widget elementor-widget-image\" data-id=\"a4fc371\" data-element_type=\"widget\" data-e-type=\"widget\" data-widget_type=\"image.default\">\n\t\t\t\t<div class=\"elementor-widget-container\">\n\t\t\t\t\t\t\t\t\t\t\t\t\t\t\t<img loading=\"lazy\" decoding=\"async\" width=\"480\" height=\"640\" src=\"https:\/\/www.bogorinski.de\/wp-content\/uploads\/2024\/09\/amber.jpg\" class=\"attachment-large size-large wp-image-986\" alt=\"\" srcset=\"https:\/\/www.bogorinski.de\/wp-content\/uploads\/2024\/09\/amber.jpg 480w, https:\/\/www.bogorinski.de\/wp-content\/uploads\/2024\/09\/amber-225x300.jpg 225w\" sizes=\"(max-width: 480px) 100vw, 480px\" \/>\t\t\t\t\t\t\t\t\t\t\t\t\t\t\t<\/div>\n\t\t\t\t<\/div>\n\t\t\t\t<div class=\"elementor-element elementor-element-6ed4b89 elementor-widget elementor-widget-text-editor\" data-id=\"6ed4b89\" data-element_type=\"widget\" data-e-type=\"widget\" data-widget_type=\"text-editor.default\">\n\t\t\t\t<div class=\"elementor-widget-container\">\n\t\t\t\t\t\t\t\t\t<p><span style=\"color: #000000;\"><strong>Amber Segundo<\/strong><\/span><\/p><p><span style=\"color: #000000;\"><strong>Augenoptikerin<\/strong><\/span><\/p>\t\t\t\t\t\t\t\t<\/div>\n\t\t\t\t<\/div>\n\t\t\t\t\t<\/div>\n\t\t<\/div>\n\t\t\t\t<div class=\"elementor-column elementor-col-33 elementor-top-column elementor-element elementor-element-3b18a7e\" data-id=\"3b18a7e\" data-element_type=\"column\" data-e-type=\"column\">\n\t\t\t<div class=\"elementor-widget-wrap elementor-element-populated\">\n\t\t\t\t\t\t<div class=\"elementor-element elementor-element-9beb7d9 elementor-widget elementor-widget-image\" data-id=\"9beb7d9\" data-element_type=\"widget\" data-e-type=\"widget\" data-widget_type=\"image.default\">\n\t\t\t\t<div class=\"elementor-widget-container\">\n\t\t\t\t\t\t\t\t\t\t\t\t\t\t\t<img loading=\"lazy\" decoding=\"async\" width=\"480\" height=\"640\" src=\"https:\/\/www.bogorinski.de\/wp-content\/uploads\/2024\/09\/rahele.jpg\" class=\"attachment-large size-large wp-image-987\" alt=\"\" srcset=\"https:\/\/www.bogorinski.de\/wp-content\/uploads\/2024\/09\/rahele.jpg 480w, https:\/\/www.bogorinski.de\/wp-content\/uploads\/2024\/09\/rahele-225x300.jpg 225w\" sizes=\"(max-width: 480px) 100vw, 480px\" \/>\t\t\t\t\t\t\t\t\t\t\t\t\t\t\t<\/div>\n\t\t\t\t<\/div>\n\t\t\t\t<div class=\"elementor-element elementor-element-fdac68b elementor-widget elementor-widget-text-editor\" data-id=\"fdac68b\" data-element_type=\"widget\" data-e-type=\"widget\" data-widget_type=\"text-editor.default\">\n\t\t\t\t<div class=\"elementor-widget-container\">\n\t\t\t\t\t\t\t\t\t<p><span style=\"color: #000000;\"><strong>Rahele Mirzai<\/strong><\/span><\/p><p><span style=\"color: #000000;\"><strong>Augenoptikerin<\/strong><\/span><\/p>\t\t\t\t\t\t\t\t<\/div>\n\t\t\t\t<\/div>\n\t\t\t\t\t<\/div>\n\t\t<\/div>\n\t\t\t\t<div class=\"elementor-column elementor-col-33 elementor-top-column elementor-element elementor-element-fb8ecf3\" data-id=\"fb8ecf3\" data-element_type=\"column\" data-e-type=\"column\">\n\t\t\t<div class=\"elementor-widget-wrap elementor-element-populated\">\n\t\t\t\t\t\t<div class=\"elementor-element elementor-element-bc715d7 elementor-widget elementor-widget-image\" data-id=\"bc715d7\" data-element_type=\"widget\" data-e-type=\"widget\" data-widget_type=\"image.default\">\n\t\t\t\t<div class=\"elementor-widget-container\">\n\t\t\t\t\t\t\t\t\t\t\t\t\t\t\t<img loading=\"lazy\" decoding=\"async\" width=\"480\" height=\"640\" src=\"https:\/\/www.bogorinski.de\/wp-content\/uploads\/2024\/09\/marlene.jpg\" class=\"attachment-large size-large wp-image-988\" alt=\"\" srcset=\"https:\/\/www.bogorinski.de\/wp-content\/uploads\/2024\/09\/marlene.jpg 480w, https:\/\/www.bogorinski.de\/wp-content\/uploads\/2024\/09\/marlene-225x300.jpg 225w\" sizes=\"(max-width: 480px) 100vw, 480px\" \/>\t\t\t\t\t\t\t\t\t\t\t\t\t\t\t<\/div>\n\t\t\t\t<\/div>\n\t\t\t\t<div class=\"elementor-element elementor-element-cc8aed1 elementor-widget elementor-widget-text-editor\" data-id=\"cc8aed1\" data-element_type=\"widget\" data-e-type=\"widget\" data-widget_type=\"text-editor.default\">\n\t\t\t\t<div class=\"elementor-widget-container\">\n\t\t\t\t\t\t\t\t\t<p><b>Marlene Tank<\/b><\/p><p><span style=\"color: #000000;\"><strong>Augenoptikerin in Ausbildung<\/strong><\/span><\/p>\t\t\t\t\t\t\t\t<\/div>\n\t\t\t\t<\/div>\n\t\t\t\t\t<\/div>\n\t\t<\/div>\n\t\t\t\t\t<\/div>\n\t\t<\/section>\n\t\t\t\t<section class=\"elementor-section elementor-top-section elementor-element elementor-element-870c4fb elementor-section-boxed elementor-section-height-default elementor-section-height-default\" data-id=\"870c4fb\" data-element_type=\"section\" data-e-type=\"section\">\n\t\t\t\t\t\t<div class=\"elementor-container elementor-column-gap-default\">\n\t\t\t\t\t<div class=\"elementor-column elementor-col-100 elementor-top-column elementor-element elementor-element-bf95cdf\" data-id=\"bf95cdf\" data-element_type=\"column\" data-e-type=\"column\">\n\t\t\t<div class=\"elementor-widget-wrap elementor-element-populated\">\n\t\t\t\t\t\t<div class=\"elementor-element elementor-element-f6edd62 elementor-widget elementor-widget-text-editor\" data-id=\"f6edd62\" data-element_type=\"widget\" data-e-type=\"widget\" data-widget_type=\"text-editor.default\">\n\t\t\t\t<div class=\"elementor-widget-container\">\n\t\t\t\t\t\t\t\t\t<p><span style=\"font-family: Arial, sans-serif; font-size: 19.2px; letter-spacing: 0.5px; text-align: justify;\">Wir alle stehen Ihnen bei all Ihren Fragen zu Brillen, Kontaktlinsen und H\u00f6rger\u00e4ten jederzeit gerne zur Verf\u00fcgung.<\/span><\/p>\t\t\t\t\t\t\t\t<\/div>\n\t\t\t\t<\/div>\n\t\t\t\t\t<\/div>\n\t\t<\/div>\n\t\t\t\t\t<\/div>\n\t\t<\/section>\n\t\t\t\t<\/div>\n\t\t","protected":false},"excerpt":{"rendered":"<p>\u00dcber uns Optik Bogorinski &#8211; Sehen &amp; H\u00f6ren. Das sind die beiden Gesch\u00e4ftsf\u00fchrer Sven und Nils Bogorinski. Sven entschloss sich&hellip;<\/p>\n","protected":false},"author":1,"featured_media":0,"parent":0,"menu_order":0,"comment_status":"closed","ping_status":"open","template":"","meta":{"footnotes":""},"class_list":["post-59","page","type-page","status-publish","hentry"],"_links":{"self":[{"href":"https:\/\/www.bogorinski.de\/index.php?rest_route=\/wp\/v2\/pages\/59","targetHints":{"allow":["GET"]}}],"collection":[{"href":"https:\/\/www.bogorinski.de\/index.php?rest_route=\/wp\/v2\/pages"}],"about":[{"href":"https:\/\/www.bogorinski.de\/index.php?rest_route=\/wp\/v2\/types\/page"}],"author":[{"embeddable":true,"href":"https:\/\/www.bogorinski.de\/index.php?rest_route=\/wp\/v2\/users\/1"}],"replies":[{"embeddable":true,"href":"https:\/\/www.bogorinski.de\/index.php?rest_route=%2Fwp%2Fv2%2Fcomments&post=59"}],"version-history":[{"count":70,"href":"https:\/\/www.bogorinski.de\/index.php?rest_route=\/wp\/v2\/pages\/59\/revisions"}],"predecessor-version":[{"id":8780,"href":"https:\/\/www.bogorinski.de\/index.php?rest_route=\/wp\/v2\/pages\/59\/revisions\/8780"}],"wp:attachment":[{"href":"https:\/\/www.bogorinski.de\/index.php?rest_route=%2Fwp%2Fv2%2Fmedia&parent=59"}],"curies":[{"name":"wp","href":"https:\/\/api.w.org\/{rel}","templated":true}]}}