{"id":697,"date":"2023-04-17T17:36:15","date_gmt":"2023-04-17T15:36:15","guid":{"rendered":"https:\/\/www.bogorinski.de\/?page_id=697"},"modified":"2023-04-25T18:33:53","modified_gmt":"2023-04-25T16:33:53","slug":"3d-ohrenscanner","status":"publish","type":"page","link":"https:\/\/www.bogorinski.de\/?page_id=697","title":{"rendered":""},"content":{"rendered":"\t\t<div data-elementor-type=\"wp-page\" data-elementor-id=\"697\" class=\"elementor elementor-697\" data-elementor-post-type=\"page\">\n\t\t\t\t\t\t<section class=\"elementor-section elementor-top-section elementor-element elementor-element-e912ccd elementor-section-boxed elementor-section-height-default elementor-section-height-default\" data-id=\"e912ccd\" data-element_type=\"section\" data-e-type=\"section\">\n\t\t\t\t\t\t<div class=\"elementor-container elementor-column-gap-default\">\n\t\t\t\t\t<div class=\"elementor-column elementor-col-100 elementor-top-column elementor-element elementor-element-3255e90\" data-id=\"3255e90\" data-element_type=\"column\" data-e-type=\"column\">\n\t\t\t<div class=\"elementor-widget-wrap elementor-element-populated\">\n\t\t\t\t\t\t<div class=\"elementor-element elementor-element-0f7ae1d elementor-widget elementor-widget-heading\" data-id=\"0f7ae1d\" data-element_type=\"widget\" data-e-type=\"widget\" data-widget_type=\"heading.default\">\n\t\t\t\t<div class=\"elementor-widget-container\">\n\t\t\t\t\t<h1 class=\"elementor-heading-title elementor-size-default\">3D Ohrenscanner<\/h1>\t\t\t\t<\/div>\n\t\t\t\t<\/div>\n\t\t\t\t\t<\/div>\n\t\t<\/div>\n\t\t\t\t\t<\/div>\n\t\t<\/section>\n\t\t\t\t<section class=\"elementor-section elementor-top-section elementor-element elementor-element-c109ef9 elementor-section-boxed elementor-section-height-default elementor-section-height-default\" data-id=\"c109ef9\" data-element_type=\"section\" data-e-type=\"section\">\n\t\t\t\t\t\t<div class=\"elementor-container elementor-column-gap-default\">\n\t\t\t\t\t<div class=\"elementor-column elementor-col-100 elementor-top-column elementor-element elementor-element-90b0ddd\" data-id=\"90b0ddd\" data-element_type=\"column\" data-e-type=\"column\">\n\t\t\t<div class=\"elementor-widget-wrap elementor-element-populated\">\n\t\t\t\t\t\t<div class=\"elementor-element elementor-element-fd646c6 elementor-widget elementor-widget-text-editor\" data-id=\"fd646c6\" data-element_type=\"widget\" data-e-type=\"widget\" data-widget_type=\"text-editor.default\">\n\t\t\t\t<div class=\"elementor-widget-container\">\n\t\t\t\t\t\t\t\t\t<p><img fetchpriority=\"high\" decoding=\"async\" class=\"alignnone size-medium wp-image-871 alignleft\" src=\"http:\/\/www.bogorinski.de\/wp-content\/uploads\/2023\/04\/20230303_172545-300x250.jpg\" alt=\"\" width=\"300\" height=\"250\" srcset=\"https:\/\/www.bogorinski.de\/wp-content\/uploads\/2023\/04\/20230303_172545-300x250.jpg 300w, https:\/\/www.bogorinski.de\/wp-content\/uploads\/2023\/04\/20230303_172545-1024x853.jpg 1024w, https:\/\/www.bogorinski.de\/wp-content\/uploads\/2023\/04\/20230303_172545-768x640.jpg 768w, https:\/\/www.bogorinski.de\/wp-content\/uploads\/2023\/04\/20230303_172545-1536x1280.jpg 1536w, https:\/\/www.bogorinski.de\/wp-content\/uploads\/2023\/04\/20230303_172545-2048x1707.jpg 2048w\" sizes=\"(max-width: 300px) 100vw, 300px\" \/>Damit Ihre H\u00f6rger\u00e4te optimal arbeiten k\u00f6nnen, ist eine anatomisch individuell angepasste Otoplastik unabdingbar. Um hier eine Abformung ihres Geh\u00f6rgangs zu erstellen wird normalerweise eine Art Bauschaum in Ihr Ohr eingespritzt. Bei uns ist das nicht n\u00f6tig, wir erstellen \u00fcber eine d\u00fcnne Metallsonde einen digitalen Scan Ihres Geh\u00f6rganges.<\/p><p>Dieses Verfahren ist schneller, pr\u00e4ziser, hygienischer und angenehmer.<\/p>\t\t\t\t\t\t\t\t<\/div>\n\t\t\t\t<\/div>\n\t\t\t\t\t<\/div>\n\t\t<\/div>\n\t\t\t\t\t<\/div>\n\t\t<\/section>\n\t\t\t\t<\/div>\n\t\t","protected":false},"excerpt":{"rendered":"<p>3D Ohrenscanner Damit Ihre H\u00f6rger\u00e4te optimal arbeiten k\u00f6nnen, ist eine anatomisch individuell angepasste Otoplastik unabdingbar. Um hier eine Abformung ihres&hellip;<\/p>\n","protected":false},"author":1,"featured_media":0,"parent":0,"menu_order":0,"comment_status":"closed","ping_status":"closed","template":"","meta":{"footnotes":""},"class_list":["post-697","page","type-page","status-publish","hentry"],"_links":{"self":[{"href":"https:\/\/www.bogorinski.de\/index.php?rest_route=\/wp\/v2\/pages\/697","targetHints":{"allow":["GET"]}}],"collection":[{"href":"https:\/\/www.bogorinski.de\/index.php?rest_route=\/wp\/v2\/pages"}],"about":[{"href":"https:\/\/www.bogorinski.de\/index.php?rest_route=\/wp\/v2\/types\/page"}],"author":[{"embeddable":true,"href":"https:\/\/www.bogorinski.de\/index.php?rest_route=\/wp\/v2\/users\/1"}],"replies":[{"embeddable":true,"href":"https:\/\/www.bogorinski.de\/index.php?rest_route=%2Fwp%2Fv2%2Fcomments&post=697"}],"version-history":[{"count":11,"href":"https:\/\/www.bogorinski.de\/index.php?rest_route=\/wp\/v2\/pages\/697\/revisions"}],"predecessor-version":[{"id":875,"href":"https:\/\/www.bogorinski.de\/index.php?rest_route=\/wp\/v2\/pages\/697\/revisions\/875"}],"wp:attachment":[{"href":"https:\/\/www.bogorinski.de\/index.php?rest_route=%2Fwp%2Fv2%2Fmedia&parent=697"}],"curies":[{"name":"wp","href":"https:\/\/api.w.org\/{rel}","templated":true}]}}