{"id":906,"date":"2023-06-04T13:58:20","date_gmt":"2023-06-04T11:58:20","guid":{"rendered":"https:\/\/www.bogorinski.de\/?page_id=906"},"modified":"2024-09-19T15:37:28","modified_gmt":"2024-09-19T13:37:28","slug":"inear-monitoring","status":"publish","type":"page","link":"https:\/\/www.bogorinski.de\/?page_id=906","title":{"rendered":""},"content":{"rendered":"\t\t<div data-elementor-type=\"wp-page\" data-elementor-id=\"906\" class=\"elementor elementor-906\" data-elementor-post-type=\"page\">\n\t\t\t\t\t\t<section class=\"elementor-section elementor-top-section elementor-element elementor-element-89f31f5 elementor-section-boxed elementor-section-height-default elementor-section-height-default\" data-id=\"89f31f5\" data-element_type=\"section\" data-e-type=\"section\">\n\t\t\t\t\t\t<div class=\"elementor-container elementor-column-gap-default\">\n\t\t\t\t\t<div class=\"elementor-column elementor-col-100 elementor-top-column elementor-element elementor-element-aebec6e\" data-id=\"aebec6e\" data-element_type=\"column\" data-e-type=\"column\">\n\t\t\t<div class=\"elementor-widget-wrap elementor-element-populated\">\n\t\t\t\t\t\t<div class=\"elementor-element elementor-element-bafbee4 elementor-widget elementor-widget-heading\" data-id=\"bafbee4\" data-element_type=\"widget\" data-e-type=\"widget\" data-widget_type=\"heading.default\">\n\t\t\t\t<div class=\"elementor-widget-container\">\n\t\t\t\t\t<h1 class=\"elementor-heading-title elementor-size-default\">Individuelle Monitoring Kopfh\u00f6rer<\/h1>\t\t\t\t<\/div>\n\t\t\t\t<\/div>\n\t\t\t\t<div class=\"elementor-element elementor-element-e2316fd elementor-widget elementor-widget-text-editor\" data-id=\"e2316fd\" data-element_type=\"widget\" data-e-type=\"widget\" data-widget_type=\"text-editor.default\">\n\t\t\t\t<div class=\"elementor-widget-container\">\n\t\t\t\t\t\t\t\t\t<p>Wenn man auf der Suche nach der besten Passform und un\u00fcbertroffenem Komfort ist, entscheidet man sich f\u00fcr ma\u00dfgefertigte In-Ears. Anhand eines Abdrucks der Ohren lassen wir ma\u00dfgeschneiderte In-Ears f\u00fcr Sie herstellen. Sie passen sich perfekt an das Ohr an.<\/p><p>\u00a0<\/p><p>Sei es als Musiker f\u00fcr den vollen Klang ohne Kompromisse, f\u00fcrs Gaming ohne l\u00e4stigen Hitzestau bei Muschelh\u00f6rern und zum vollen Musikgenuss.<\/p><p><span style=\"color: var( --e-global-color-text ); font-family: var( --e-global-typography-text-font-family ), Sans-serif; font-weight: var( --e-global-typography-text-font-weight );\">Testen Sie in unserem Reinh\u00f6rstudio die verschiedenen Qualit\u00e4ten und lassen Sie sich von uns entsprechend beraten.\u00a0<\/span><\/p>\t\t\t\t\t\t\t\t<\/div>\n\t\t\t\t<\/div>\n\t\t\t\t\t<\/div>\n\t\t<\/div>\n\t\t\t\t\t<\/div>\n\t\t<\/section>\n\t\t\t\t<section class=\"elementor-section elementor-top-section elementor-element elementor-element-f5c2140 elementor-section-boxed elementor-section-height-default elementor-section-height-default\" data-id=\"f5c2140\" data-element_type=\"section\" data-e-type=\"section\">\n\t\t\t\t\t\t<div class=\"elementor-container elementor-column-gap-default\">\n\t\t\t\t\t<div class=\"elementor-column elementor-col-100 elementor-top-column elementor-element elementor-element-fc3cb92\" data-id=\"fc3cb92\" data-element_type=\"column\" data-e-type=\"column\">\n\t\t\t<div class=\"elementor-widget-wrap elementor-element-populated\">\n\t\t\t\t\t\t<section class=\"elementor-section elementor-inner-section elementor-element elementor-element-f3a5a51 elementor-section-boxed elementor-section-height-default elementor-section-height-default\" data-id=\"f3a5a51\" data-element_type=\"section\" data-e-type=\"section\">\n\t\t\t\t\t\t<div class=\"elementor-container elementor-column-gap-default\">\n\t\t\t\t\t<div class=\"elementor-column elementor-col-50 elementor-inner-column elementor-element elementor-element-ab30a7b\" data-id=\"ab30a7b\" data-element_type=\"column\" data-e-type=\"column\">\n\t\t\t<div class=\"elementor-widget-wrap elementor-element-populated\">\n\t\t\t\t\t\t<div class=\"elementor-element elementor-element-54416f9 elementor-widget elementor-widget-image\" data-id=\"54416f9\" data-element_type=\"widget\" data-e-type=\"widget\" data-widget_type=\"image.default\">\n\t\t\t\t<div class=\"elementor-widget-container\">\n\t\t\t\t\t\t\t\t\t\t\t\t\t\t\t<img fetchpriority=\"high\" decoding=\"async\" width=\"1024\" height=\"1024\" src=\"https:\/\/www.bogorinski.de\/wp-content\/uploads\/2024\/09\/e0be1d9e-71f3-4845-8784-96060b4a1fcd-1024x1024.jpeg\" class=\"attachment-large size-large wp-image-1015\" alt=\"\" srcset=\"https:\/\/www.bogorinski.de\/wp-content\/uploads\/2024\/09\/e0be1d9e-71f3-4845-8784-96060b4a1fcd-1024x1024.jpeg 1024w, https:\/\/www.bogorinski.de\/wp-content\/uploads\/2024\/09\/e0be1d9e-71f3-4845-8784-96060b4a1fcd-300x300.jpeg 300w, https:\/\/www.bogorinski.de\/wp-content\/uploads\/2024\/09\/e0be1d9e-71f3-4845-8784-96060b4a1fcd-150x150.jpeg 150w, https:\/\/www.bogorinski.de\/wp-content\/uploads\/2024\/09\/e0be1d9e-71f3-4845-8784-96060b4a1fcd-768x768.jpeg 768w, https:\/\/www.bogorinski.de\/wp-content\/uploads\/2024\/09\/e0be1d9e-71f3-4845-8784-96060b4a1fcd-1536x1536.jpeg 1536w, https:\/\/www.bogorinski.de\/wp-content\/uploads\/2024\/09\/e0be1d9e-71f3-4845-8784-96060b4a1fcd.jpeg 2048w\" sizes=\"(max-width: 1024px) 100vw, 1024px\" \/>\t\t\t\t\t\t\t\t\t\t\t\t\t\t\t<\/div>\n\t\t\t\t<\/div>\n\t\t\t\t\t<\/div>\n\t\t<\/div>\n\t\t\t\t<div class=\"elementor-column elementor-col-50 elementor-inner-column elementor-element elementor-element-d9bcaeb\" data-id=\"d9bcaeb\" data-element_type=\"column\" data-e-type=\"column\">\n\t\t\t<div class=\"elementor-widget-wrap elementor-element-populated\">\n\t\t\t\t\t\t<div class=\"elementor-element elementor-element-39b62e0 elementor-widget elementor-widget-image\" data-id=\"39b62e0\" data-element_type=\"widget\" data-e-type=\"widget\" data-widget_type=\"image.default\">\n\t\t\t\t<div class=\"elementor-widget-container\">\n\t\t\t\t\t\t\t\t\t\t\t\t\t\t\t<img decoding=\"async\" width=\"1024\" height=\"1024\" src=\"https:\/\/www.bogorinski.de\/wp-content\/uploads\/2024\/09\/fdf29110-6072-44c9-93a8-c0f5f8aad53c-1024x1024.jpeg\" class=\"attachment-large size-large wp-image-1016\" alt=\"\" srcset=\"https:\/\/www.bogorinski.de\/wp-content\/uploads\/2024\/09\/fdf29110-6072-44c9-93a8-c0f5f8aad53c-1024x1024.jpeg 1024w, https:\/\/www.bogorinski.de\/wp-content\/uploads\/2024\/09\/fdf29110-6072-44c9-93a8-c0f5f8aad53c-300x300.jpeg 300w, https:\/\/www.bogorinski.de\/wp-content\/uploads\/2024\/09\/fdf29110-6072-44c9-93a8-c0f5f8aad53c-150x150.jpeg 150w, https:\/\/www.bogorinski.de\/wp-content\/uploads\/2024\/09\/fdf29110-6072-44c9-93a8-c0f5f8aad53c-768x768.jpeg 768w, https:\/\/www.bogorinski.de\/wp-content\/uploads\/2024\/09\/fdf29110-6072-44c9-93a8-c0f5f8aad53c-1536x1536.jpeg 1536w, https:\/\/www.bogorinski.de\/wp-content\/uploads\/2024\/09\/fdf29110-6072-44c9-93a8-c0f5f8aad53c.jpeg 2048w\" sizes=\"(max-width: 1024px) 100vw, 1024px\" \/>\t\t\t\t\t\t\t\t\t\t\t\t\t\t\t<\/div>\n\t\t\t\t<\/div>\n\t\t\t\t\t<\/div>\n\t\t<\/div>\n\t\t\t\t\t<\/div>\n\t\t<\/section>\n\t\t\t\t\t<\/div>\n\t\t<\/div>\n\t\t\t\t\t<\/div>\n\t\t<\/section>\n\t\t\t\t<\/div>\n\t\t","protected":false},"excerpt":{"rendered":"<p>Individuelle Monitoring Kopfh\u00f6rer Wenn man auf der Suche nach der besten Passform und un\u00fcbertroffenem Komfort ist, entscheidet man sich f\u00fcr&hellip;<\/p>\n","protected":false},"author":1,"featured_media":0,"parent":0,"menu_order":0,"comment_status":"closed","ping_status":"closed","template":"","meta":{"footnotes":""},"class_list":["post-906","page","type-page","status-publish","hentry"],"_links":{"self":[{"href":"https:\/\/www.bogorinski.de\/index.php?rest_route=\/wp\/v2\/pages\/906","targetHints":{"allow":["GET"]}}],"collection":[{"href":"https:\/\/www.bogorinski.de\/index.php?rest_route=\/wp\/v2\/pages"}],"about":[{"href":"https:\/\/www.bogorinski.de\/index.php?rest_route=\/wp\/v2\/types\/page"}],"author":[{"embeddable":true,"href":"https:\/\/www.bogorinski.de\/index.php?rest_route=\/wp\/v2\/users\/1"}],"replies":[{"embeddable":true,"href":"https:\/\/www.bogorinski.de\/index.php?rest_route=%2Fwp%2Fv2%2Fcomments&post=906"}],"version-history":[{"count":5,"href":"https:\/\/www.bogorinski.de\/index.php?rest_route=\/wp\/v2\/pages\/906\/revisions"}],"predecessor-version":[{"id":1020,"href":"https:\/\/www.bogorinski.de\/index.php?rest_route=\/wp\/v2\/pages\/906\/revisions\/1020"}],"wp:attachment":[{"href":"https:\/\/www.bogorinski.de\/index.php?rest_route=%2Fwp%2Fv2%2Fmedia&parent=906"}],"curies":[{"name":"wp","href":"https:\/\/api.w.org\/{rel}","templated":true}]}}